{"id":7,"date":"2020-10-26T09:56:07","date_gmt":"2020-10-26T08:56:07","guid":{"rendered":"http:\/\/www.uvpr.fr\/?page_id=7"},"modified":"2026-03-30T13:46:07","modified_gmt":"2026-03-30T11:46:07","slug":"accueil","status":"publish","type":"page","link":"https:\/\/www.uvpr.fr\/en\/","title":{"rendered":"Home"},"content":{"rendered":"<div data-elementor-type=\"wp-page\" data-elementor-id=\"7\" class=\"elementor elementor-7\" data-elementor-post-type=\"page\">\n\t\t\t\t\t\t<section class=\"elementor-section elementor-top-section elementor-element elementor-element-6c22b64 elementor-section-full_width elementor-section-height-default elementor-section-height-default\" data-id=\"6c22b64\" data-element_type=\"section\" data-e-type=\"section\">\n\t\t\t\t\t\t<div class=\"elementor-container elementor-column-gap-default\">\n\t\t\t\t\t<div class=\"elementor-column elementor-col-100 elementor-top-column elementor-element elementor-element-9a21e21\" data-id=\"9a21e21\" data-element_type=\"column\" data-e-type=\"column\">\n\t\t\t<div class=\"elementor-widget-wrap elementor-element-populated\">\n\t\t\t\t\t\t<div class=\"elementor-element elementor-element-2ac1d7b elementor-widget elementor-widget-heading\" data-id=\"2ac1d7b\" data-element_type=\"widget\" data-e-type=\"widget\" data-widget_type=\"heading.default\">\n\t\t\t\t<div class=\"elementor-widget-container\">\n\t\t\t\t\t<h1 class=\"elementor-heading-title elementor-size-default\">Since 2004 Une Vie Pour Rien Vinyles is a DIY Oi! label<\/h1>\t\t\t\t<\/div>\n\t\t\t\t<\/div>\n\t\t\t\t<div class=\"elementor-element elementor-element-e754357 elementor-widget elementor-widget-image\" data-id=\"e754357\" data-element_type=\"widget\" data-e-type=\"widget\" data-widget_type=\"image.default\">\n\t\t\t\t<div class=\"elementor-widget-container\">\n\t\t\t\t\t\t\t\t\t\t\t\t<figure class=\"wp-caption\">\n\t\t\t\t\t\t\t\t\t\t\t<a href=\"https:\/\/www.uvpr.fr\/en\/boutique\/\">\n\t\t\t\t\t\t\t<img fetchpriority=\"high\" decoding=\"async\" width=\"1468\" height=\"653\" src=\"https:\/\/www.uvpr.fr\/wp-content\/uploads\/2021\/03\/home-heroImg.jpg\" class=\"attachment-full size-full wp-image-40\" alt=\"Illustration usine vinyles Une Vie Pour Rien\" srcset=\"https:\/\/www.uvpr.fr\/wp-content\/uploads\/2021\/03\/home-heroImg.jpg 1468w, https:\/\/www.uvpr.fr\/wp-content\/uploads\/2021\/03\/home-heroImg-600x267.jpg 600w, https:\/\/www.uvpr.fr\/wp-content\/uploads\/2021\/03\/home-heroImg-300x133.jpg 300w, https:\/\/www.uvpr.fr\/wp-content\/uploads\/2021\/03\/home-heroImg-1024x455.jpg 1024w, https:\/\/www.uvpr.fr\/wp-content\/uploads\/2021\/03\/home-heroImg-768x342.jpg 768w\" sizes=\"(max-width: 1468px) 100vw, 1468px\" \/>\t\t\t\t\t\t\t\t<\/a>\n\t\t\t\t\t\t\t\t\t\t\t<figcaption class=\"widget-image-caption wp-caption-text\">Artwork: AYCI<\/figcaption>\n\t\t\t\t\t\t\t\t\t\t<\/figure>\n\t\t\t\t\t\t\t\t\t<\/div>\n\t\t\t\t<\/div>\n\t\t\t\t<div class=\"elementor-element elementor-element-ca9b13a elementor-widget elementor-widget-heading\" data-id=\"ca9b13a\" data-element_type=\"widget\" data-e-type=\"widget\" data-widget_type=\"heading.default\">\n\t\t\t\t<div class=\"elementor-widget-container\">\n\t\t\t\t\t<h2 class=\"elementor-heading-title elementor-size-default\">Our latest releases<\/h2>\t\t\t\t<\/div>\n\t\t\t\t<\/div>\n\t\t\t\t<div class=\"elementor-element elementor-element-17a60bb elementor-grid-4 elementor-grid-tablet-3 elementor-grid-mobile-2 elementor-products-grid elementor-wc-products elementor-widget elementor-widget-woocommerce-products\" data-id=\"17a60bb\" data-element_type=\"widget\" data-e-type=\"widget\" data-widget_type=\"woocommerce-products.default\">\n\t\t\t\t<div class=\"elementor-widget-container\">\n\t\t\t\t\t<div class=\"woocommerce columns-4\">\r\n<ul class=\"products elementor-grid oceanwp-row clr grid\">\r\n<li class=\"entry has-media col span_1_of_4 owp-content-center owp-thumbs-layout-horizontal owp-btn-normal owp-tabs-layout-horizontal product type-product post-4750 status-publish first instock product_cat-ep product_cat-camera-silens product_cat-productions-uvpr-boutique-en-ligne product_tag-86-crew product_tag-camera-silens product_tag-uvpr-archives has-post-thumbnail featured shipping-taxable purchasable product-type-simple\">\n\t<div class=\"product-inner clr\">\n\t<div class=\"woo-entry-image clr\">\n\t\t<a href=\"https:\/\/www.uvpr.fr\/en\/product\/hommageacamerasilens\/\" class=\"woocommerce-LoopProduct-link\"><img decoding=\"async\" width=\"300\" height=\"300\" src=\"https:\/\/www.uvpr.fr\/wp-content\/uploads\/2026\/02\/UVPRA008_HommageaCameraSilens_pochette_site-300x300.jpg\" class=\"woo-entry-image-main\" alt=\"HOMMAGE A CAMERA SILENS single 45T 17cm\" itemprop=\"image\" srcset=\"https:\/\/www.uvpr.fr\/wp-content\/uploads\/2026\/02\/UVPRA008_HommageaCameraSilens_pochette_site-300x300.jpg 300w, https:\/\/www.uvpr.fr\/wp-content\/uploads\/2026\/02\/UVPRA008_HommageaCameraSilens_pochette_site-150x150.jpg 150w, https:\/\/www.uvpr.fr\/wp-content\/uploads\/2026\/02\/UVPRA008_HommageaCameraSilens_pochette_site-12x12.jpg 12w, https:\/\/www.uvpr.fr\/wp-content\/uploads\/2026\/02\/UVPRA008_HommageaCameraSilens_pochette_site-100x100.jpg 100w, https:\/\/www.uvpr.fr\/wp-content\/uploads\/2026\/02\/UVPRA008_HommageaCameraSilens_pochette_site.jpg 500w\" sizes=\"(max-width: 300px) 100vw, 300px\" \/><\/a><a href=\"#\" id=\"product_id_4750\" class=\"owp-quick-view\" data-product_id=\"4750\" aria-label=\"Quickly preview product HOMMAGE A CAMERA SILENS single 45T 17cm\"><i class=\"icon-eye\" aria-hidden=\"true\" role=\"img\"><\/i> Quick View<\/a>\t<\/div><!-- .woo-entry-image -->\n\n\t<ul class=\"woo-entry-inner clr\"><li class=\"image-wrap\">\n\t<div class=\"woo-entry-image clr\">\n\t\t<a href=\"https:\/\/www.uvpr.fr\/en\/product\/hommageacamerasilens\/\" class=\"woocommerce-LoopProduct-link\"><img decoding=\"async\" width=\"300\" height=\"300\" src=\"https:\/\/www.uvpr.fr\/wp-content\/uploads\/2026\/02\/UVPRA008_HommageaCameraSilens_pochette_site-300x300.jpg\" class=\"woo-entry-image-main\" alt=\"HOMMAGE A CAMERA SILENS single 45T 17cm\" itemprop=\"image\" srcset=\"https:\/\/www.uvpr.fr\/wp-content\/uploads\/2026\/02\/UVPRA008_HommageaCameraSilens_pochette_site-300x300.jpg 300w, https:\/\/www.uvpr.fr\/wp-content\/uploads\/2026\/02\/UVPRA008_HommageaCameraSilens_pochette_site-150x150.jpg 150w, https:\/\/www.uvpr.fr\/wp-content\/uploads\/2026\/02\/UVPRA008_HommageaCameraSilens_pochette_site-12x12.jpg 12w, https:\/\/www.uvpr.fr\/wp-content\/uploads\/2026\/02\/UVPRA008_HommageaCameraSilens_pochette_site-100x100.jpg 100w, https:\/\/www.uvpr.fr\/wp-content\/uploads\/2026\/02\/UVPRA008_HommageaCameraSilens_pochette_site.jpg 500w\" sizes=\"(max-width: 300px) 100vw, 300px\" \/><\/a><a href=\"#\" id=\"product_id_4750\" class=\"owp-quick-view\" data-product_id=\"4750\" aria-label=\"Quickly preview product HOMMAGE A CAMERA SILENS single 45T 17cm\"><i class=\"icon-eye\" aria-hidden=\"true\" role=\"img\"><\/i> Quick View<\/a>\t<\/div><!-- .woo-entry-image -->\n\n\t<\/li><li class=\"title\"><h2><a href=\"https:\/\/www.uvpr.fr\/en\/product\/hommageacamerasilens\/\">HOMMAGE A CAMERA SILENS  7\u201d<\/a><\/h2><\/li><li class=\"price-wrap\">\n\t<span class=\"price\"><span class=\"woocommerce-Price-amount amount\"><bdi>8.00<span class=\"woocommerce-Price-currencySymbol\">&euro;<\/span><\/bdi><\/span><\/span>\n<\/li><li class=\"btn-wrap clr\"><a href=\"\/en\/wp-json\/wp\/v2\/pages\/7?add-to-cart=4750\" aria-describedby=\"woocommerce_loop_add_to_cart_link_describedby_4750\" data-quantity=\"1\" class=\"button product_type_simple add_to_cart_button ajax_add_to_cart\" data-product_id=\"4750\" data-product_sku=\"UVPRA008\" aria-label=\"Add to basket: \u201cHOMMAGE A CAMERA SILENS single 45T 17cm\u201d\" rel=\"nofollow\" data-success_message=\"\u00ab\u00a0HOMMAGE A CAMERA SILENS single 45T 17cm\u00a0\u00bb a \u00e9t\u00e9 ajout\u00e9 \u00e0 votre panier\" role=\"button\" data-no-translation-aria-label=\"\" data-no-translation-data-success_message=\"\">Add to cart<\/a>\t<span id=\"woocommerce_loop_add_to_cart_link_describedby_4750\" class=\"screen-reader-text\">\n\t\t\t<\/span>\n<\/li><\/ul><\/div><!-- .product-inner .clr --><\/li>\n<li class=\"entry has-media col span_1_of_4 owp-content-center owp-thumbs-layout-horizontal owp-btn-normal owp-tabs-layout-horizontal product type-product post-4745 status-publish instock product_cat-ep product_cat-productions-uvpr-boutique-en-ligne product_tag-punk product_tag-punk-rock has-post-thumbnail featured shipping-taxable purchasable product-type-simple\">\n\t<div class=\"product-inner clr\">\n\t<div class=\"woo-entry-image clr\">\n\t\t<a href=\"https:\/\/www.uvpr.fr\/en\/product\/columba-triste-7\/\" class=\"woocommerce-LoopProduct-link\"><img decoding=\"async\" width=\"300\" height=\"300\" src=\"https:\/\/www.uvpr.fr\/wp-content\/uploads\/2026\/02\/UVPRV81_COLUMBA_TRISTE_pochette_site-300x300.jpg\" class=\"woo-entry-image-main\" alt=\"COLUMBA TRISTE single 45T 17cm\" itemprop=\"image\" srcset=\"https:\/\/www.uvpr.fr\/wp-content\/uploads\/2026\/02\/UVPRV81_COLUMBA_TRISTE_pochette_site-300x300.jpg 300w, https:\/\/www.uvpr.fr\/wp-content\/uploads\/2026\/02\/UVPRV81_COLUMBA_TRISTE_pochette_site-150x150.jpg 150w, https:\/\/www.uvpr.fr\/wp-content\/uploads\/2026\/02\/UVPRV81_COLUMBA_TRISTE_pochette_site-12x12.jpg 12w, https:\/\/www.uvpr.fr\/wp-content\/uploads\/2026\/02\/UVPRV81_COLUMBA_TRISTE_pochette_site-100x100.jpg 100w, https:\/\/www.uvpr.fr\/wp-content\/uploads\/2026\/02\/UVPRV81_COLUMBA_TRISTE_pochette_site.jpg 500w\" sizes=\"(max-width: 300px) 100vw, 300px\" \/><\/a><a href=\"#\" id=\"product_id_4745\" class=\"owp-quick-view\" data-product_id=\"4745\" aria-label=\"Quickly preview product COLUMBA TRISTE single 45T 17cm\"><i class=\"icon-eye\" aria-hidden=\"true\" role=\"img\"><\/i> Quick View<\/a>\t<\/div><!-- .woo-entry-image -->\n\n\t<ul class=\"woo-entry-inner clr\"><li class=\"image-wrap\">\n\t<div class=\"woo-entry-image clr\">\n\t\t<a href=\"https:\/\/www.uvpr.fr\/en\/product\/columba-triste-7\/\" class=\"woocommerce-LoopProduct-link\"><img decoding=\"async\" width=\"300\" height=\"300\" src=\"https:\/\/www.uvpr.fr\/wp-content\/uploads\/2026\/02\/UVPRV81_COLUMBA_TRISTE_pochette_site-300x300.jpg\" class=\"woo-entry-image-main\" alt=\"COLUMBA TRISTE single 45T 17cm\" itemprop=\"image\" srcset=\"https:\/\/www.uvpr.fr\/wp-content\/uploads\/2026\/02\/UVPRV81_COLUMBA_TRISTE_pochette_site-300x300.jpg 300w, https:\/\/www.uvpr.fr\/wp-content\/uploads\/2026\/02\/UVPRV81_COLUMBA_TRISTE_pochette_site-150x150.jpg 150w, https:\/\/www.uvpr.fr\/wp-content\/uploads\/2026\/02\/UVPRV81_COLUMBA_TRISTE_pochette_site-12x12.jpg 12w, https:\/\/www.uvpr.fr\/wp-content\/uploads\/2026\/02\/UVPRV81_COLUMBA_TRISTE_pochette_site-100x100.jpg 100w, https:\/\/www.uvpr.fr\/wp-content\/uploads\/2026\/02\/UVPRV81_COLUMBA_TRISTE_pochette_site.jpg 500w\" sizes=\"(max-width: 300px) 100vw, 300px\" \/><\/a><a href=\"#\" id=\"product_id_4745\" class=\"owp-quick-view\" data-product_id=\"4745\" aria-label=\"Quickly preview product COLUMBA TRISTE single 45T 17cm\"><i class=\"icon-eye\" aria-hidden=\"true\" role=\"img\"><\/i> Quick View<\/a>\t<\/div><!-- .woo-entry-image -->\n\n\t<\/li><li class=\"title\"><h2><a href=\"https:\/\/www.uvpr.fr\/en\/product\/columba-triste-7\/\">COLUMBA TRISTE single 7\"<\/a><\/h2><\/li><li class=\"price-wrap\">\n\t<span class=\"price\"><span class=\"woocommerce-Price-amount amount\"><bdi>7.00<span class=\"woocommerce-Price-currencySymbol\">&euro;<\/span><\/bdi><\/span><\/span>\n<\/li><li class=\"btn-wrap clr\"><a href=\"\/en\/wp-json\/wp\/v2\/pages\/7?add-to-cart=4745\" aria-describedby=\"woocommerce_loop_add_to_cart_link_describedby_4745\" data-quantity=\"1\" class=\"button product_type_simple add_to_cart_button ajax_add_to_cart\" data-product_id=\"4745\" data-product_sku=\"UVPRV81\" aria-label=\"Add to basket: \u201cCOLUMBA TRISTE single 45T 17cm\u201d\" rel=\"nofollow\" data-success_message=\"\u00ab\u00a0COLUMBA TRISTE single 45T 17cm\u00a0\u00bb a \u00e9t\u00e9 ajout\u00e9 \u00e0 votre panier\" role=\"button\" data-no-translation-aria-label=\"\" data-no-translation-data-success_message=\"\">Add to cart<\/a>\t<span id=\"woocommerce_loop_add_to_cart_link_describedby_4745\" class=\"screen-reader-text\">\n\t\t\t<\/span>\n<\/li><\/ul><\/div><!-- .product-inner .clr --><\/li>\n<li class=\"entry has-media col span_1_of_4 owp-content-center owp-thumbs-layout-horizontal owp-btn-normal owp-tabs-layout-horizontal product type-product post-4592 status-publish instock product_cat-ep product_cat-camelliasinensismusic product_cat-productions-uvpr-boutique-en-ligne product_tag-punk product_tag-punk-rock has-post-thumbnail featured shipping-taxable purchasable product-type-simple\">\n\t<div class=\"product-inner clr\">\n\t<div class=\"woo-entry-image clr\">\n\t\t<a href=\"https:\/\/www.uvpr.fr\/en\/product\/camellia-sinensis-demo2023\/\" class=\"woocommerce-LoopProduct-link\"><img loading=\"lazy\" decoding=\"async\" width=\"300\" height=\"300\" src=\"https:\/\/www.uvpr.fr\/wp-content\/uploads\/2025\/09\/UVPRV80_CAMELLIASINENSIS_EP_DEMO_pochette_site-300x300.jpg\" class=\"woo-entry-image-main\" alt=\"CAMELLIA SINENSIS &#8211; D\u00e9mo 2023 7&Prime; EP\" itemprop=\"image\" srcset=\"https:\/\/www.uvpr.fr\/wp-content\/uploads\/2025\/09\/UVPRV80_CAMELLIASINENSIS_EP_DEMO_pochette_site-300x300.jpg 300w, https:\/\/www.uvpr.fr\/wp-content\/uploads\/2025\/09\/UVPRV80_CAMELLIASINENSIS_EP_DEMO_pochette_site-150x150.jpg 150w, https:\/\/www.uvpr.fr\/wp-content\/uploads\/2025\/09\/UVPRV80_CAMELLIASINENSIS_EP_DEMO_pochette_site-12x12.jpg 12w, https:\/\/www.uvpr.fr\/wp-content\/uploads\/2025\/09\/UVPRV80_CAMELLIASINENSIS_EP_DEMO_pochette_site-100x100.jpg 100w, https:\/\/www.uvpr.fr\/wp-content\/uploads\/2025\/09\/UVPRV80_CAMELLIASINENSIS_EP_DEMO_pochette_site.jpg 500w\" sizes=\"(max-width: 300px) 100vw, 300px\" \/><\/a><a href=\"#\" id=\"product_id_4592\" class=\"owp-quick-view\" data-product_id=\"4592\" aria-label=\"Quickly preview product CAMELLIA SINENSIS - D\u00e9mo 2023 7\" ep\"><i class=\"icon-eye\" aria-hidden=\"true\" role=\"img\"><\/i> Quick View<\/a>\t<\/div><!-- .woo-entry-image -->\n\n\t<ul class=\"woo-entry-inner clr\"><li class=\"image-wrap\">\n\t<div class=\"woo-entry-image clr\">\n\t\t<a href=\"https:\/\/www.uvpr.fr\/en\/product\/camellia-sinensis-demo2023\/\" class=\"woocommerce-LoopProduct-link\"><img loading=\"lazy\" decoding=\"async\" width=\"300\" height=\"300\" src=\"https:\/\/www.uvpr.fr\/wp-content\/uploads\/2025\/09\/UVPRV80_CAMELLIASINENSIS_EP_DEMO_pochette_site-300x300.jpg\" class=\"woo-entry-image-main\" alt=\"CAMELLIA SINENSIS &#8211; D\u00e9mo 2023 7&Prime; EP\" itemprop=\"image\" srcset=\"https:\/\/www.uvpr.fr\/wp-content\/uploads\/2025\/09\/UVPRV80_CAMELLIASINENSIS_EP_DEMO_pochette_site-300x300.jpg 300w, https:\/\/www.uvpr.fr\/wp-content\/uploads\/2025\/09\/UVPRV80_CAMELLIASINENSIS_EP_DEMO_pochette_site-150x150.jpg 150w, https:\/\/www.uvpr.fr\/wp-content\/uploads\/2025\/09\/UVPRV80_CAMELLIASINENSIS_EP_DEMO_pochette_site-12x12.jpg 12w, https:\/\/www.uvpr.fr\/wp-content\/uploads\/2025\/09\/UVPRV80_CAMELLIASINENSIS_EP_DEMO_pochette_site-100x100.jpg 100w, https:\/\/www.uvpr.fr\/wp-content\/uploads\/2025\/09\/UVPRV80_CAMELLIASINENSIS_EP_DEMO_pochette_site.jpg 500w\" sizes=\"(max-width: 300px) 100vw, 300px\" \/><\/a><a href=\"#\" id=\"product_id_4592\" class=\"owp-quick-view\" data-product_id=\"4592\" aria-label=\"Quickly preview product CAMELLIA SINENSIS - D\u00e9mo 2023 7\" ep\"><i class=\"icon-eye\" aria-hidden=\"true\" role=\"img\"><\/i> Quick View<\/a>\t<\/div><!-- .woo-entry-image -->\n\n\t<\/li><li class=\"title\"><h2><a href=\"https:\/\/www.uvpr.fr\/en\/product\/camellia-sinensis-demo2023\/\">CAMELLIA SINENSIS &#8211; D\u00e9mo 2023 7&Prime; EP<\/a><\/h2><\/li><li class=\"price-wrap\">\n\t<span class=\"price\"><span class=\"woocommerce-Price-amount amount\"><bdi>8.00<span class=\"woocommerce-Price-currencySymbol\">&euro;<\/span><\/bdi><\/span><\/span>\n<\/li><li class=\"btn-wrap clr\"><a href=\"\/en\/wp-json\/wp\/v2\/pages\/7?add-to-cart=4592\" aria-describedby=\"woocommerce_loop_add_to_cart_link_describedby_4592\" data-quantity=\"1\" class=\"button product_type_simple add_to_cart_button ajax_add_to_cart\" data-product_id=\"4592\" data-product_sku=\"UVPRV80\" aria-label=\"Add to basket: \u201cCAMELLIA SINENSIS - D\u00e9mo 2023 7&quot; EP\u201d\" rel=\"nofollow\" data-success_message=\"\u00ab\u00a0CAMELLIA SINENSIS - D\u00e9mo 2023 7&quot; EP\u00a0\u00bb a \u00e9t\u00e9 ajout\u00e9 \u00e0 votre panier\" role=\"button\" data-no-translation-aria-label=\"\" data-no-translation-data-success_message=\"\">Add to cart<\/a>\t<span id=\"woocommerce_loop_add_to_cart_link_describedby_4592\" class=\"screen-reader-text\">\n\t\t\t<\/span>\n<\/li><\/ul><\/div><!-- .product-inner .clr --><\/li>\n<li class=\"entry has-media col span_1_of_4 owp-content-center owp-thumbs-layout-horizontal owp-btn-normal owp-tabs-layout-horizontal product type-product post-4386 status-publish last instock product_cat-lp product_cat-claimedchoicemusic product_cat-productions-uvpr-boutique-en-ligne product_tag-oi product_tag-punk-rock has-post-thumbnail featured shipping-taxable purchasable product-type-simple\">\n\t<div class=\"product-inner clr\">\n\t<div class=\"woo-entry-image clr\">\n\t\t<a href=\"https:\/\/www.uvpr.fr\/en\/product\/claimed-choice-lp\/\" class=\"woocommerce-LoopProduct-link\"><img loading=\"lazy\" decoding=\"async\" width=\"300\" height=\"300\" src=\"https:\/\/www.uvpr.fr\/wp-content\/uploads\/2025\/06\/UVPRV79_CLAIMED_CHOICE_LP_pochette_site-300x300.jpg\" class=\"woo-entry-image-main\" alt=\"CLAIMED CHOICE &#8211; LP\" itemprop=\"image\" srcset=\"https:\/\/www.uvpr.fr\/wp-content\/uploads\/2025\/06\/UVPRV79_CLAIMED_CHOICE_LP_pochette_site-300x300.jpg 300w, https:\/\/www.uvpr.fr\/wp-content\/uploads\/2025\/06\/UVPRV79_CLAIMED_CHOICE_LP_pochette_site-150x150.jpg 150w, https:\/\/www.uvpr.fr\/wp-content\/uploads\/2025\/06\/UVPRV79_CLAIMED_CHOICE_LP_pochette_site-12x12.jpg 12w, https:\/\/www.uvpr.fr\/wp-content\/uploads\/2025\/06\/UVPRV79_CLAIMED_CHOICE_LP_pochette_site-100x100.jpg 100w, https:\/\/www.uvpr.fr\/wp-content\/uploads\/2025\/06\/UVPRV79_CLAIMED_CHOICE_LP_pochette_site.jpg 500w\" sizes=\"(max-width: 300px) 100vw, 300px\" \/><\/a><a href=\"#\" id=\"product_id_4386\" class=\"owp-quick-view\" data-product_id=\"4386\" aria-label=\"Quickly preview product CLAIMED CHOICE - LP\"><i class=\"icon-eye\" aria-hidden=\"true\" role=\"img\"><\/i> Quick View<\/a>\t<\/div><!-- .woo-entry-image -->\n\n\t<ul class=\"woo-entry-inner clr\"><li class=\"image-wrap\">\n\t<div class=\"woo-entry-image clr\">\n\t\t<a href=\"https:\/\/www.uvpr.fr\/en\/product\/claimed-choice-lp\/\" class=\"woocommerce-LoopProduct-link\"><img loading=\"lazy\" decoding=\"async\" width=\"300\" height=\"300\" src=\"https:\/\/www.uvpr.fr\/wp-content\/uploads\/2025\/06\/UVPRV79_CLAIMED_CHOICE_LP_pochette_site-300x300.jpg\" class=\"woo-entry-image-main\" alt=\"CLAIMED CHOICE &#8211; LP\" itemprop=\"image\" srcset=\"https:\/\/www.uvpr.fr\/wp-content\/uploads\/2025\/06\/UVPRV79_CLAIMED_CHOICE_LP_pochette_site-300x300.jpg 300w, https:\/\/www.uvpr.fr\/wp-content\/uploads\/2025\/06\/UVPRV79_CLAIMED_CHOICE_LP_pochette_site-150x150.jpg 150w, https:\/\/www.uvpr.fr\/wp-content\/uploads\/2025\/06\/UVPRV79_CLAIMED_CHOICE_LP_pochette_site-12x12.jpg 12w, https:\/\/www.uvpr.fr\/wp-content\/uploads\/2025\/06\/UVPRV79_CLAIMED_CHOICE_LP_pochette_site-100x100.jpg 100w, https:\/\/www.uvpr.fr\/wp-content\/uploads\/2025\/06\/UVPRV79_CLAIMED_CHOICE_LP_pochette_site.jpg 500w\" sizes=\"(max-width: 300px) 100vw, 300px\" \/><\/a><a href=\"#\" id=\"product_id_4386\" class=\"owp-quick-view\" data-product_id=\"4386\" aria-label=\"Quickly preview product CLAIMED CHOICE - LP\"><i class=\"icon-eye\" aria-hidden=\"true\" role=\"img\"><\/i> Quick View<\/a>\t<\/div><!-- .woo-entry-image -->\n\n\t<\/li><li class=\"title\"><h2><a href=\"https:\/\/www.uvpr.fr\/en\/product\/claimed-choice-lp\/\">CLAIMED CHOICE &#8211; LP<\/a><\/h2><\/li><li class=\"price-wrap\">\n\t<span class=\"price\"><span class=\"woocommerce-Price-amount amount\"><bdi>16.00<span class=\"woocommerce-Price-currencySymbol\">&euro;<\/span><\/bdi><\/span><\/span>\n<\/li><li class=\"btn-wrap clr\"><a href=\"\/en\/wp-json\/wp\/v2\/pages\/7?add-to-cart=4386\" aria-describedby=\"woocommerce_loop_add_to_cart_link_describedby_4386\" data-quantity=\"1\" class=\"button product_type_simple add_to_cart_button ajax_add_to_cart\" data-product_id=\"4386\" data-product_sku=\"UVPRV79\" aria-label=\"Add to basket: \u201cCLAIMED CHOICE - LP\u201d\" rel=\"nofollow\" data-success_message=\"\u00ab\u00a0CLAIMED CHOICE - LP\u00a0\u00bb a \u00e9t\u00e9 ajout\u00e9 \u00e0 votre panier\" role=\"button\" data-no-translation-aria-label=\"\" data-no-translation-data-success_message=\"\">Add to cart<\/a>\t<span id=\"woocommerce_loop_add_to_cart_link_describedby_4386\" class=\"screen-reader-text\">\n\t\t\t<\/span>\n<\/li><\/ul><\/div><!-- .product-inner .clr --><\/li>\n<\/ul>\n<\/div>\t\t\t\t<\/div>\n\t\t\t\t<\/div>\n\t\t\t\t\t<\/div>\n\t\t<\/div>\n\t\t\t\t\t<\/div>\n\t\t<\/section>\n\t\t\t\t<\/div>","protected":false},"excerpt":{"rendered":"<p>Depuis 2004 Une Vie Pour Rien Vinyles est un label Oi! DIY Artwork: AYCI Derni\u00e8res sorties du label :<\/p>","protected":false},"author":1,"featured_media":40,"parent":0,"menu_order":0,"comment_status":"closed","ping_status":"closed","template":"","meta":{"_acf_changed":false,"episode_type":"","audio_file":"","podmotor_file_id":"","podmotor_episode_id":"","cover_image":"","cover_image_id":"","duration":"","filesize":"","filesize_raw":"","date_recorded":"","explicit":"","block":"","itunes_episode_number":"","itunes_title":"","itunes_season_number":"","itunes_episode_type":"","ocean_post_layout":"full-screen","ocean_both_sidebars_style":"","ocean_both_sidebars_content_width":0,"ocean_both_sidebars_sidebars_width":0,"ocean_sidebar":"0","ocean_second_sidebar":"0","ocean_disable_margins":"enable","ocean_add_body_class":"","ocean_shortcode_before_top_bar":"","ocean_shortcode_after_top_bar":"","ocean_shortcode_before_header":"","ocean_shortcode_after_header":"","ocean_has_shortcode":"","ocean_shortcode_after_title":"","ocean_shortcode_before_footer_widgets":"","ocean_shortcode_after_footer_widgets":"","ocean_shortcode_before_footer_bottom":"","ocean_shortcode_after_footer_bottom":"","ocean_display_top_bar":"default","ocean_display_header":"default","ocean_header_style":"","ocean_center_header_left_menu":"0","ocean_custom_header_template":"0","ocean_custom_logo":0,"ocean_custom_retina_logo":0,"ocean_custom_logo_max_width":0,"ocean_custom_logo_tablet_max_width":0,"ocean_custom_logo_mobile_max_width":0,"ocean_custom_logo_max_height":0,"ocean_custom_logo_tablet_max_height":0,"ocean_custom_logo_mobile_max_height":0,"ocean_header_custom_menu":"0","ocean_menu_typo_font_family":"0","ocean_menu_typo_font_subset":"","ocean_menu_typo_font_size":0,"ocean_menu_typo_font_size_tablet":0,"ocean_menu_typo_font_size_mobile":0,"ocean_menu_typo_font_size_unit":"px","ocean_menu_typo_font_weight":"","ocean_menu_typo_font_weight_tablet":"","ocean_menu_typo_font_weight_mobile":"","ocean_menu_typo_transform":"","ocean_menu_typo_transform_tablet":"","ocean_menu_typo_transform_mobile":"","ocean_menu_typo_line_height":0,"ocean_menu_typo_line_height_tablet":0,"ocean_menu_typo_line_height_mobile":0,"ocean_menu_typo_line_height_unit":"","ocean_menu_typo_spacing":0,"ocean_menu_typo_spacing_tablet":0,"ocean_menu_typo_spacing_mobile":0,"ocean_menu_typo_spacing_unit":"","ocean_menu_link_color":"","ocean_menu_link_color_hover":"","ocean_menu_link_color_active":"","ocean_menu_link_background":"","ocean_menu_link_hover_background":"","ocean_menu_link_active_background":"","ocean_menu_social_links_bg":"","ocean_menu_social_hover_links_bg":"","ocean_menu_social_links_color":"","ocean_menu_social_hover_links_color":"","ocean_disable_title":"on","ocean_disable_heading":"default","ocean_post_title":"","ocean_post_subheading":"","ocean_post_title_style":"","ocean_post_title_background_color":"","ocean_post_title_background":0,"ocean_post_title_bg_image_position":"","ocean_post_title_bg_image_attachment":"","ocean_post_title_bg_image_repeat":"","ocean_post_title_bg_image_size":"","ocean_post_title_height":0,"ocean_post_title_bg_overlay":0.5,"ocean_post_title_bg_overlay_color":"","ocean_disable_breadcrumbs":"default","ocean_breadcrumbs_color":"","ocean_breadcrumbs_separator_color":"","ocean_breadcrumbs_links_color":"","ocean_breadcrumbs_links_hover_color":"","ocean_display_footer_widgets":"default","ocean_display_footer_bottom":"default","ocean_custom_footer_template":"0","footnotes":""},"class_list":["post-7","page","type-page","status-publish","has-post-thumbnail","hentry","entry","has-media","owp-thumbs-layout-horizontal","owp-btn-normal","owp-tabs-layout-horizontal","has-no-thumbnails"],"acf":[],"_links":{"self":[{"href":"https:\/\/www.uvpr.fr\/en\/wp-json\/wp\/v2\/pages\/7","targetHints":{"allow":["GET"]}}],"collection":[{"href":"https:\/\/www.uvpr.fr\/en\/wp-json\/wp\/v2\/pages"}],"about":[{"href":"https:\/\/www.uvpr.fr\/en\/wp-json\/wp\/v2\/types\/page"}],"author":[{"embeddable":true,"href":"https:\/\/www.uvpr.fr\/en\/wp-json\/wp\/v2\/users\/1"}],"replies":[{"embeddable":true,"href":"https:\/\/www.uvpr.fr\/en\/wp-json\/wp\/v2\/comments?post=7"}],"version-history":[{"count":0,"href":"https:\/\/www.uvpr.fr\/en\/wp-json\/wp\/v2\/pages\/7\/revisions"}],"wp:featuredmedia":[{"embeddable":true,"href":"https:\/\/www.uvpr.fr\/en\/wp-json\/wp\/v2\/media\/40"}],"wp:attachment":[{"href":"https:\/\/www.uvpr.fr\/en\/wp-json\/wp\/v2\/media?parent=7"}],"curies":[{"name":"wp","href":"https:\/\/api.w.org\/{rel}","templated":true}]}}