{"id":1039,"date":"2021-04-20T08:17:35","date_gmt":"2021-04-20T06:17:35","guid":{"rendered":"http:\/\/www.uvpr.fr\/?page_id=1039"},"modified":"2021-06-16T11:15:57","modified_gmt":"2021-06-16T09:15:57","slug":"mentions-legales-et-conditions-generales-dutilisation","status":"publish","type":"page","link":"https:\/\/www.uvpr.fr\/en\/mentions-legales-et-conditions-generales-dutilisation\/","title":{"rendered":"Legal Notice and General Conditions of Use"},"content":{"rendered":"<div data-elementor-type=\"wp-page\" data-elementor-id=\"1039\" class=\"elementor elementor-1039\" data-elementor-post-type=\"page\">\n\t\t\t\t\t\t<section class=\"elementor-section elementor-top-section elementor-element elementor-element-0662fe7 elementor-section-boxed elementor-section-height-default elementor-section-height-default\" data-id=\"0662fe7\" data-element_type=\"section\" data-e-type=\"section\">\n\t\t\t\t\t\t<div class=\"elementor-container elementor-column-gap-default\">\n\t\t\t\t\t<div class=\"elementor-column elementor-col-100 elementor-top-column elementor-element elementor-element-a05890f\" data-id=\"a05890f\" data-element_type=\"column\" data-e-type=\"column\">\n\t\t\t<div class=\"elementor-widget-wrap elementor-element-populated\">\n\t\t\t\t\t\t<div class=\"elementor-element elementor-element-b60ad82 elementor-widget elementor-widget-heading\" data-id=\"b60ad82\" data-element_type=\"widget\" data-e-type=\"widget\" data-widget_type=\"heading.default\">\n\t\t\t\t<div class=\"elementor-widget-container\">\n\t\t\t\t\t<h1 class=\"elementor-heading-title elementor-size-default\">Legal Notice and General Conditions of Use<\/h1>\t\t\t\t<\/div>\n\t\t\t\t<\/div>\n\t\t\t\t\t<\/div>\n\t\t<\/div>\n\t\t\t\t\t<\/div>\n\t\t<\/section>\n\t\t\t\t<section class=\"elementor-section elementor-top-section elementor-element elementor-element-ea564ba elementor-section-boxed elementor-section-height-default elementor-section-height-default\" data-id=\"ea564ba\" data-element_type=\"section\" data-e-type=\"section\">\n\t\t\t\t\t\t<div class=\"elementor-container elementor-column-gap-default\">\n\t\t\t\t\t<div class=\"elementor-column elementor-col-100 elementor-top-column elementor-element elementor-element-bcd8507\" data-id=\"bcd8507\" data-element_type=\"column\" data-e-type=\"column\">\n\t\t\t<div class=\"elementor-widget-wrap elementor-element-populated\">\n\t\t\t\t\t\t<div class=\"elementor-element elementor-element-209c22e elementor-widget elementor-widget-text-editor\" data-id=\"209c22e\" data-element_type=\"widget\" data-e-type=\"widget\" data-widget_type=\"text-editor.default\">\n\t\t\t\t<div class=\"elementor-widget-container\">\n\t\t\t\t\t\t\t\t\t<p><u>Last updated on:<\/u>\u00a0March 16, 2021<\/p><h2>Preamble<\/h2><p>Your continued use of our website <a href=\"http:\/\/www.uvpr.fr\/en\/\">www.uvpr.fr<\/a> \u00a0constitutes your full acceptance of the following terms and conditions of use (hereinafter referred to as \u00ab\u00a0<strong>C.G.U<\/strong>.\u00a0\u00bb). Before any use of the functionalities of our site, the user acknowledges having read these C.G.U. and having accepted them.<\/p><p>The current online version of our C.G.U. is the only opposable version for the duration of the use of the site and until we replace it with a new version.<\/p><p>Our Association <em>Une Vie Pour Rien<\/em> \u2013 reserves the right to modify these conditions at any time, it is therefore the responsibility of users to consult the C.G.U. regularly. Any use of our site after modification of the C.G.U. constitutes irrevocable acceptance by the user of the new version. In case of disagreement with our C.G.U. the user is invited to stop using our Site<\/p><h2>ARTICLE 1 \u2013 DEFINITIONS<\/h2><p>On our website, the following terms have the following meanings:<\/p><ul><li>\u00ab\u00a0<strong>Association<\/strong>\u00bb\u00a0: refers to the association Une Vie Pour Rien in Siren no. 478920002 whose registered office is 5 rue Francis de Pressense 44000 NANTES;<\/li><\/ul><ul><li><strong>\u00ab\u00a0Contenu\u00a0\u00bb<\/strong>: means all the elements constituting the information present on our Site (texts, images, videos, algorithms, software, widgets, etc.) and allowing its operation, the information of the User and the presentation of our services;<\/li><\/ul><ul><li><strong>\u00ab Intellectual Property Rights \u00bb<\/strong>: means all intellectual property rights and related rights (copyright, trademark, patent rights, trade names, databases, etc.) as protected by the Intellectual Property Code created by law no. 92-587 of 1<sup>er<\/sup> juillet 1992, dont la version en vigueur est celle applicable au moment de la consultation du site par l\u2019utilisateur\u00a0;<\/li><\/ul><ul><li><strong>\u00ab\u00a0Features \u00bb<\/strong>: means all features made available to our users through our site\u00a0;<\/li><\/ul><ul><li><strong>\u00ab\u00a0Site\u00a0\u00bb<\/strong>: means the website <a href=\"http:\/\/www.uvpr.fr\/en\/\">uvpr.fr<\/a> or any other website operated by the Association and made available to the User;<\/li><\/ul><ul><li><strong>\u00ab\u00a0Utilisateur\u00a0\u00bb<\/strong>: means any individual who uses our Site and has access to its content.<\/li><\/ul><div><span style=\"color: #333333; font-size: 20px; font-weight: 600;\">\u00a0<\/span><\/div><div><span style=\"color: #333333; font-size: 20px; font-weight: 600;\">ARTICLE 2 \u2013 LEGAL NOTICES<\/span><\/div><p>Pursuant to <em>Law No. 2004-575 of 21 June 2004 for trust in the digital economy<\/em>users of our site are informed of the identity of the stakeholders as part of its implementation and monitoring:<\/p><p><u>Owner<\/u>\u00a0: Association <strong>Une Vie Pour Rien<\/strong> Siren 478920002 at 5 rue Francis de Pressense 44000 NANTES.<\/p><p><u>Developer<\/u>\u00a0: Alexis Gautier, <strong>WE START TODAY<\/strong>Auto-Entrepreneur at SIRET 79026899900030, headquartered at 15 boulevard de la prairie at Duc 44200 Nantes, alexis@wstdev.com\u00a0<\/p><p><u>Wireframes <\/u>: <a href=\"https:\/\/github.com\/NicolasDelaval\" target=\"_blank\" rel=\"noopener\">Nicolas Delaval<\/a><\/p><p><u>Host<\/u>\u00a0: Planet HOSTER, 4416 Louis B. Mayer, Laval (Qu\u00e9bec) H7P 0G1, Canada FR (N\u00ba Vert): 0 805 080\u00a0426, <a href=\"https:\/\/www.planethoster.com\/\" target=\"_blank\" rel=\"noopener\">https:\/\/www.planethoster.com\/<\/a><\/p><p><u>Data Protection Officer<\/u>\u00a0: <a href=\"mailto:contact_uvpr@yahoo.fr\">contact_uvpr@yahoo.fr<\/a><\/p><h2>ARTICLE 3 \u2013 PERSONAL DATA PROTECTION<\/h2><p>For the use of our Site, we will process certain personal data concerning Users. These treatments are carried out in compliance with the <em>law n\u00b078-17 of January 6, 1978<\/em> modified relating to data processing, files and freedoms (known as \"Data Protection Law and Freedoms\") and the Data Protection Policy accessible in the corresponding tab on our site.<\/p><h2>ARTICLE 4 \u2013 SITE ACCESS<\/h2><p>Access to the Site and its use are reserved for strictly personal use. The User agrees not to use this Site and the information or data contained therein for commercial, political, advertising and any form of commercial solicitation and in particular the sending of unsolicited e-mails.<\/p><p>The Association may not be held liable in the event of access to the Site by minors nor may it be held liable in the event of erroneous or misleading information provided by users of the Site.<\/p><h2>ARTICLE 5 \u2013 DESCRIPTION OF SERVICES PROVIDED<\/h2><p>The purpose of the Site is to present the services and products of the Association Une Vie Pour Rien to users. We endeavour to provide as accurate information as possible, but we are not responsible for any omissions, inaccuracies or deficiencies in the updating of the information.<\/p><p>All the information provided on our site is given for information purposes only and is not exhaustive, it is provided subject to changes that have been made since they were posted online.<\/p><p>The User is also informed that the photographs present on the Site are not contractual and do not bind the Association. \u00a0<\/p><h2>ARTICLE 6 \u2013 INTELLECTUAL PROPERTY<\/h2><h2><u style=\"font-size: 14px; color: #4a4a4a;\">a) Our Site<\/u><\/h2><p>All brands, photographs, texts, comments, illustrations, images animated or not, video sequences, sounds, as well as all computer applications that could be used to operate this site and more generally all the elements reproduced or used on the Site are protected by the laws in force under the title of intellectual property.<\/p><p>Ils sont la propri\u00e9t\u00e9 pleine et enti\u00e8re d\u2019Une Vie Pour Rien. Toute reproduction, repr\u00e9sentation, utilisation ou adaptation, sous quelques formes que ce soit, de tout ou partie de ces \u00e9l\u00e9ments, y compris les applications informatiques, sans l&rsquo;accord pr\u00e9alable et \u00e9crit de l&rsquo;\u00e9diteur, sont strictement interdites. Le fait pour l&rsquo;\u00e9diteur de ne pas engager de proc\u00e9dure d\u00e8s la prise de connaissance de ces utilisations non autoris\u00e9es ne vaut pas acceptation desdites utilisations et renonciation aux poursuites.<\/p><p>Users are strictly prohibited from:<\/p><ul><li><em>Copy, reproduce, represent, distribute, distribute, permanently or temporarily publish all or part of the content and\/or the Site by any means and on any media known or unknown to date; <\/em><\/li><li><em>Create derivative works from the content and\/or the Site; <\/em><\/li><li><em>Modify, translate, adapt, arrange, all or part of the Content and\/or the Site;<\/em><\/li><li><em>Disassemble, decompile, perform reverse engineering on the Site. <\/em><\/li><\/ul><p>In any case, the User is solely responsible for the use he makes of the site.<\/p><p>Any unauthorised use of the site or any of the elements it contains will be considered as constituting an infringement and prosecuted in accordance with the provisions of articles L.335-2 et seq. of the Intellectual Property Code. <em>articles L.335-2 and seq. of the Intellectual Property Code.<\/em><\/p><p><u style=\"font-size: 14px;\">\u00a0<\/u><\/p><p><u style=\"font-size: 14px;\"><b>b) Our brand<\/b><\/u><\/p><p>The verbal and visual marks<em>logos<\/em>) of Une Vie Pour Rien are protected. Their use without written permission from our Association, on any medium, for the purpose of promoting products or services, or for commercial purposes, is prohibited under penalty of criminal and civil proceedings instituted by our Association against the user and\/or third party responsible.<\/p><h2>ARTICLE 7 \u2013 SITE MANAGEMENT<\/h2><p>Our Site is normally accessible to users at any time. For the proper management of the Site, the publisher may at any time reserve the right to:<\/p><ul><li><em>Suspend, discontinue or limit access to all or part of the Site, for any reason, with or without notice and in its sole discretion; <\/em><\/li><li><em>Delete any information that may interfere with its operation, for any reason with or without notice and in its sole discretion; <\/em><\/li><li><em>Suspend the Site for updates. <\/em><\/li><\/ul><p>Une Vie Pour Rien will try to communicate the dates and times of the intervention to users in advance, but its responsibility could not be sought in case of prior non-communication<\/p><h2>ARTICLE 8 \u2013 RESPONSIBILITIES<\/h2><h2><u style=\"font-size: 14px; color: #4a4a4a;\">a) Access to the site<\/u><\/h2><p>Our Association is committed to doing everything possible to make the site accessible 24\/7. However, our Association makes no commitment regarding the availability and permanent accessibility of the site and does not guarantee that the Site is free of errors. The publisher cannot be held liable in the event of failure, failure, difficulty or interruption of operation, preventing access to the site or to any of its functionalities.<\/p><p>Our Association and the hosting provider cannot be held responsible in case of malfunction of the internet network, telephone lines or computer and telephony equipment linked in particular to the network congestion preventing access to the server.<\/p><p>The publisher cannot be held liable in the event of legal proceedings against users:<\/p><ul><li><em>Because of the use of the website or any other service accessible via the internet; <\/em><\/li><li><em>Due to the user\u2019s non-compliance with these TOU. <\/em><\/li><\/ul><p><em>\u00a0<\/em><\/p><p><u style=\"font-size: 14px;\"><b>b) Equipment used<\/b><\/u><\/p><p>The material of connection to the site used by the User is under his full responsibility. It must take all appropriate measures to protect its equipment and its own data. The User agrees to access the site using recent, virus-free material and with a recently updated browser.<\/p><p>A Life for Nothing is not responsible for any damage caused to Users, third parties and\/or their equipment as a result of their connection or their use of the site and the Users renounce any action of this fact against the publisher.<\/p><p>The publisher may also not be held liable for indirect damages (such as a loss of market or chance) resulting from the use of the Site.<em>tels par exemple qu\u2019une perte de march\u00e9 ou perte de chance<\/em>) cons\u00e9cutifs \u00e0 l\u2019utilisation du Site.<\/p><h2>ARTICLE 9 \u2013 HYPERLINKS<\/h2><p>The setting up by the users of any hypertext link to all or part of the site is authorized, subject to the prior and written authorization of the Association Une Vie Pour Rien, solicited by email at the following address: <a href=\"mailto:contact_uvpr@yahoo.fr\">contact_uvpr@yahoo.fr<\/a><\/p><p>Une Vie Pour Rien is free to refuse this permission without having to justify in any way its decision. In the event that the Association grants its authorization, it is in all cases only temporary and may be withdrawn at any time, without obligation of justification. In any case, any link must be withdrawn upon request of the mark.<\/p><p>The Site contains a number of hypertext links to other sites, set up with the permission of the publisher. However, our Association does not have the possibility to check the content of the sites thus visited and will therefore not assume any responsibility for this fact.<\/p><h2>ARTICLE 10 \u2013 APPLICABLE LAW<\/h2><p>These terms and conditions of use of the site are governed by French law and are subject \u2013 in the event of a dispute \u2013 to the exclusive jurisdiction of the competent courts of ordinary law, subject to a specific assignment of jurisdiction arising out of a particular law or regulation.<\/p>\t\t\t\t\t\t\t\t<\/div>\n\t\t\t\t<\/div>\n\t\t\t\t\t<\/div>\n\t\t<\/div>\n\t\t\t\t\t<\/div>\n\t\t<\/section>\n\t\t\t\t<\/div>","protected":false},"excerpt":{"rendered":"<p>Mentions l\u00e9gales et Conditions G\u00e9n\u00e9rales d\u2019Utilisation Derni\u00e8re mise \u00e0 jour effectu\u00e9e le\u00a0: 16 mars 2021 Pr\u00e9ambule La poursuite de la navigation sur notre site www.uvpr.fr \u00a0vaut de la part des utilisateurs une acceptation sans r\u00e9serve des dispositions et conditions d\u2019utilisation qui suivent (ci-apr\u00e8s d\u00e9nomm\u00e9es \u00ab\u00a0C.G.U.\u00a0\u00bb). Avant toute utilisation des fonctionnalit\u00e9s de notre site, l\u2019utilisateur reconna\u00eet [&hellip;]<\/p>\n","protected":false},"author":1,"featured_media":0,"parent":0,"menu_order":0,"comment_status":"closed","ping_status":"closed","template":"","meta":{"_acf_changed":false,"episode_type":"","audio_file":"","podmotor_file_id":"","podmotor_episode_id":"","cover_image":"","cover_image_id":"","duration":"","filesize":"","filesize_raw":"","date_recorded":"","explicit":"","block":"","itunes_episode_number":"","itunes_title":"","itunes_season_number":"","itunes_episode_type":"","ocean_post_layout":"full-width","ocean_both_sidebars_style":"","ocean_both_sidebars_content_width":0,"ocean_both_sidebars_sidebars_width":0,"ocean_sidebar":"0","ocean_second_sidebar":"0","ocean_disable_margins":"enable","ocean_add_body_class":"","ocean_shortcode_before_top_bar":"","ocean_shortcode_after_top_bar":"","ocean_shortcode_before_header":"","ocean_shortcode_after_header":"","ocean_has_shortcode":"","ocean_shortcode_after_title":"","ocean_shortcode_before_footer_widgets":"","ocean_shortcode_after_footer_widgets":"","ocean_shortcode_before_footer_bottom":"","ocean_shortcode_after_footer_bottom":"","ocean_display_top_bar":"default","ocean_display_header":"default","ocean_header_style":"","ocean_center_header_left_menu":"0","ocean_custom_header_template":"0","ocean_custom_logo":0,"ocean_custom_retina_logo":0,"ocean_custom_logo_max_width":0,"ocean_custom_logo_tablet_max_width":0,"ocean_custom_logo_mobile_max_width":0,"ocean_custom_logo_max_height":0,"ocean_custom_logo_tablet_max_height":0,"ocean_custom_logo_mobile_max_height":0,"ocean_header_custom_menu":"0","ocean_menu_typo_font_family":"0","ocean_menu_typo_font_subset":"","ocean_menu_typo_font_size":0,"ocean_menu_typo_font_size_tablet":0,"ocean_menu_typo_font_size_mobile":0,"ocean_menu_typo_font_size_unit":"px","ocean_menu_typo_font_weight":"","ocean_menu_typo_font_weight_tablet":"","ocean_menu_typo_font_weight_mobile":"","ocean_menu_typo_transform":"","ocean_menu_typo_transform_tablet":"","ocean_menu_typo_transform_mobile":"","ocean_menu_typo_line_height":0,"ocean_menu_typo_line_height_tablet":0,"ocean_menu_typo_line_height_mobile":0,"ocean_menu_typo_line_height_unit":"","ocean_menu_typo_spacing":0,"ocean_menu_typo_spacing_tablet":0,"ocean_menu_typo_spacing_mobile":0,"ocean_menu_typo_spacing_unit":"","ocean_menu_link_color":"","ocean_menu_link_color_hover":"","ocean_menu_link_color_active":"","ocean_menu_link_background":"","ocean_menu_link_hover_background":"","ocean_menu_link_active_background":"","ocean_menu_social_links_bg":"","ocean_menu_social_hover_links_bg":"","ocean_menu_social_links_color":"","ocean_menu_social_hover_links_color":"","ocean_disable_title":"default","ocean_disable_heading":"default","ocean_post_title":"","ocean_post_subheading":"","ocean_post_title_style":"","ocean_post_title_background_color":"","ocean_post_title_background":0,"ocean_post_title_bg_image_position":"","ocean_post_title_bg_image_attachment":"","ocean_post_title_bg_image_repeat":"","ocean_post_title_bg_image_size":"","ocean_post_title_height":0,"ocean_post_title_bg_overlay":0.5,"ocean_post_title_bg_overlay_color":"","ocean_disable_breadcrumbs":"default","ocean_breadcrumbs_color":"","ocean_breadcrumbs_separator_color":"","ocean_breadcrumbs_links_color":"","ocean_breadcrumbs_links_hover_color":"","ocean_display_footer_widgets":"default","ocean_display_footer_bottom":"default","ocean_custom_footer_template":"0","footnotes":""},"class_list":["post-1039","page","type-page","status-publish","hentry","entry","owp-thumbs-layout-horizontal","owp-btn-normal","owp-tabs-layout-horizontal","has-no-thumbnails"],"acf":[],"_links":{"self":[{"href":"https:\/\/www.uvpr.fr\/en\/wp-json\/wp\/v2\/pages\/1039","targetHints":{"allow":["GET"]}}],"collection":[{"href":"https:\/\/www.uvpr.fr\/en\/wp-json\/wp\/v2\/pages"}],"about":[{"href":"https:\/\/www.uvpr.fr\/en\/wp-json\/wp\/v2\/types\/page"}],"author":[{"embeddable":true,"href":"https:\/\/www.uvpr.fr\/en\/wp-json\/wp\/v2\/users\/1"}],"replies":[{"embeddable":true,"href":"https:\/\/www.uvpr.fr\/en\/wp-json\/wp\/v2\/comments?post=1039"}],"version-history":[{"count":0,"href":"https:\/\/www.uvpr.fr\/en\/wp-json\/wp\/v2\/pages\/1039\/revisions"}],"wp:attachment":[{"href":"https:\/\/www.uvpr.fr\/en\/wp-json\/wp\/v2\/media?parent=1039"}],"curies":[{"name":"wp","href":"https:\/\/api.w.org\/{rel}","templated":true}]}}